{"id":14869,"date":"2014-05-20T07:51:11","date_gmt":"2014-05-20T07:51:11","guid":{"rendered":"http:\/\/demo.qodeinteractive.com\/bridge83\/?page_id=14869"},"modified":"2023-11-30T15:53:58","modified_gmt":"2023-11-30T13:53:58","slug":"home","status":"publish","type":"page","link":"https:\/\/www.interlink.fi\/","title":{"rendered":"Etusivu"},"content":{"rendered":"<section class=\"wpb-content-wrapper\"><p>[vc_row css_animation=&#8221;&#8221; row_type=&#8221;row&#8221; use_row_as_full_screen_section=&#8221;no&#8221; type=&#8221;grid&#8221; angled_section=&#8221;no&#8221; text_align=&#8221;center&#8221; background_image_as_pattern=&#8221;without_pattern&#8221; anchor=&#8221;yritys&#8221; padding_top=&#8221;76&#8243; padding_bottom=&#8221;10&#8243; z_index=&#8221;&#8221;][vc_column width=&#8221;5\/6&#8243; offset=&#8221;vc_col-lg-offset-1 vc_col-lg-10 vc_col-md-offset-1 vc_col-md-10 vc_col-sm-offset-1 vc_col-xs-12&#8243;][vc_column_text]<\/p>\n<h2 style=\"text-align: center;\">Interlink Oy<\/h2>\n<p>[\/vc_column_text][vc_single_image image=&#8221;15424&#8243; img_size=&#8221;full&#8221; alignment=&#8221;center&#8221; qode_css_animation=&#8221;&#8221;][vc_column_text]<\/p>\n<h5 style=\"text-align: center;\">Interlink on Savonlinnassa ja Vantaalla toimiva tilitoimisto. Erikoisalaamme ovat matkatoimistot, matkanj\u00e4rjest\u00e4j\u00e4t ja muut matkailuyritykset. Keskittym\u00e4ll\u00e4 yhteen sektoriin pyrimme osaamaan sen niin hyvin, ett\u00e4 ymm\u00e4rr\u00e4mme puolesta sanasta, mist\u00e4 milloinkin on kysymys, ja osaamme neuvoa matkailuyritt\u00e4miseen liittyviss\u00e4 taloushallinnon kysymyksiss\u00e4 yleisemminkin.<\/h5>\n<p>[\/vc_column_text][\/vc_column][\/vc_row][vc_row css_animation=&#8221;&#8221; row_type=&#8221;row&#8221; use_row_as_full_screen_section=&#8221;no&#8221; type=&#8221;grid&#8221; angled_section=&#8221;no&#8221; text_align=&#8221;left&#8221; background_image_as_pattern=&#8221;without_pattern&#8221; anchor=&#8221;palvelut&#8221; padding_bottom=&#8221;84&#8243; css=&#8221;.vc_custom_1545180087307{padding-top: 5% !important;}&#8221; z_index=&#8221;&#8221;][vc_column width=&#8221;2\/3&#8243; offset=&#8221;vc_col-lg-offset-0&#8243; css=&#8221;.vc_custom_1545181244005{padding-right: 10% !important;padding-left: 5% !important;}&#8221;][vc_column_text]<\/p>\n<h3>Palvelumme<\/h3>\n<p>[\/vc_column_text][vc_separator type=&#8221;transparent&#8221; up=&#8221;14&#8243; down=&#8221;0&#8243;][vc_column_text]<\/p>\n<h5>Palveluitamme ovat kirjanpito, palkat, konsultointi ja erilaiset taloushallintoon kuuluvat tukipalvelut. Teemme veroilmoitukset ja tilinp\u00e4\u00e4t\u00f6kset ja autamme tarvittaessa erilaisissa vero- ja viranomaisasioissa. Palvelutason voit valita tarpeidesi mukaan. Laajimmillaan voit ulkoistaa meille koko taloushallinnon myynti- ja ostoreskontrien hoitoa my\u00f6den.<\/h5>\n<p>[\/vc_column_text][vc_separator type=&#8221;transparent&#8221; up=&#8221;19&#8243; down=&#8221;0&#8243;][\/vc_column][vc_column width=&#8221;1\/3&#8243;][vc_single_image image=&#8221;15438&#8243; img_size=&#8221;full&#8221; alignment=&#8221;center&#8221; qode_css_animation=&#8221;&#8221;][\/vc_column][\/vc_row][vc_row css_animation=&#8221;&#8221; row_type=&#8221;row&#8221; use_row_as_full_screen_section=&#8221;no&#8221; type=&#8221;grid&#8221; angled_section=&#8221;no&#8221; text_align=&#8221;center&#8221; background_image_as_pattern=&#8221;without_pattern&#8221; anchor=&#8221;matkailuala&#8221; background_color=&#8221;#eeeeee&#8221; padding_top=&#8221;76&#8243; padding_bottom=&#8221;65&#8243; z_index=&#8221;&#8221;][vc_column width=&#8221;5\/6&#8243; offset=&#8221;vc_col-lg-offset-1 vc_col-lg-10 vc_col-md-offset-1 vc_col-md-10 vc_col-sm-offset-1 vc_col-xs-12&#8243;][vc_column_text]<\/p>\n<h3 style=\"text-align: center;\">Matkailualan erityisosaamisemme<\/h3>\n<p>[\/vc_column_text][vc_single_image image=&#8221;15424&#8243; img_size=&#8221;full&#8221; alignment=&#8221;center&#8221; qode_css_animation=&#8221;&#8221;][vc_column_text]<\/p>\n<h5 style=\"text-align: center;\">Matkailuyrityksen oikein ja tehokkaasti tehty kirjanpito vaatii erityisosaamista. Ei riit\u00e4, ett\u00e4 &#8220;vain tehd\u00e4\u00e4n kirjanpitoa&#8221; &#8211; pit\u00e4\u00e4 tiet\u00e4\u00e4, mit\u00e4 tehd\u00e4\u00e4n, milloin ja miten.<\/h5>\n<p>[\/vc_column_text][\/vc_column][\/vc_row][vc_row css_animation=&#8221;&#8221; row_type=&#8221;row&#8221; use_row_as_full_screen_section=&#8221;no&#8221; type=&#8221;grid&#8221; angled_section=&#8221;no&#8221; text_align=&#8221;center&#8221; background_image_as_pattern=&#8221;without_pattern&#8221; background_color=&#8221;#eeeeee&#8221; padding_bottom=&#8221;86&#8243; z_index=&#8221;&#8221;][vc_column][vc_tabs style=&#8221;vertical_left&#8221; el_class=&#8221;title_left_align&#8221;][vc_tab title=&#8221;Kirjanpidon jaksotus&#8221; tab_id=&#8221;38aca7a5-367d-8&#8243;][vc_column_text]<\/p>\n<h4>Kirjanpidon jaksotus<\/h4>\n<p>[\/vc_column_text][vc_separator type=&#8221;transparent&#8221; up=&#8221;10&#8243; down=&#8221;0&#8243;][vc_column_text]Tavarakaupassa ei tarvitse mietti\u00e4 varaus- lasku-, maksu- tai l\u00e4ht\u00f6p\u00e4ivi\u00e4 \u2013 laskup\u00e4iv\u00e4 riitt\u00e4\u00e4. Matkat jaksotetaan tuloutumaan kirjanpidon myynniksi ja kuluiksi matkan alkup\u00e4iv\u00e4n mukaan. Tavarakaupassa ei jaksotuksia juuri tarvita.[\/vc_column_text][vc_separator type=&#8221;transparent&#8221; up=&#8221;50&#8243; down=&#8221;0&#8243;][\/vc_tab][vc_tab title=&#8221;Verot&#8221; tab_id=&#8221;d74b3a8d-f1d1-1&#8243;][vc_column_text]<\/p>\n<h4>Verot<\/h4>\n<p>[\/vc_column_text][vc_separator type=&#8221;transparent&#8221; up=&#8221;10&#8243; down=&#8221;0&#8243;][vc_column_text]Tavarakaupassa vero maksetaan tuotteen koko hinnasta. Matka sen sijaan voi olla veroton, normaaliverotettava tai marginaaliverotettava. Myynti voi tapahtua omissa nimiss\u00e4 tai v\u00e4lityksen\u00e4. Kaikki verolajit ja verokannat ovat k\u00e4yt\u00f6ss\u00e4. Eik\u00e4 haittaa, vaikka kaikki verolajit ja verokannat olisivat samalla laskulla.[\/vc_column_text][vc_separator type=&#8221;transparent&#8221; up=&#8221;50&#8243; down=&#8221;0&#8243;][\/vc_tab][vc_tab title=&#8221;Maksut&#8221; tab_id=&#8221;1430739489637-2-6&#8243;][vc_column_text]<\/p>\n<h4>Maksut<\/h4>\n<p>[\/vc_column_text][vc_separator type=&#8221;transparent&#8221; up=&#8221;10&#8243; down=&#8221;0&#8243;][vc_column_text]Matka maksetaan usein monessa er\u00e4ss\u00e4. Tavara maksetaan kassalla tai yhdell\u00e4 laskulla. Osamaksujen k\u00e4sittely tilanteessa, jossa varausta muutetaan jopa useampaan kertaan on oma taiteen lajinsa. Me hallitsemme my\u00f6s sen.[\/vc_column_text][vc_separator type=&#8221;transparent&#8221; up=&#8221;80&#8243; down=&#8221;0&#8243;][\/vc_tab][vc_tab title=&#8221;Varauksen muuttaminen&#8221; tab_id=&#8221;1430739681724-3-5&#8243;][vc_column_text]<\/p>\n<h4>Varauksen muuttaminen<\/h4>\n<p>[\/vc_column_text][vc_separator type=&#8221;transparent&#8221; up=&#8221;10&#8243; down=&#8221;0&#8243;][vc_column_text]Matkavarausta muutetaan usein moneen kertaan. Tavara on se mik\u00e4 on &#8211; vai montako kertaa olet roudannut j\u00e4\u00e4kaapin takaisin kauppaan ja vaihtanut sen leiv\u00e4npaahtimeen ja \u2013 hetken mietitty\u00e4si &#8211; leiv\u00e4npaahtimen edelleen televisioon. Muutosten ja peruutusten oikeaoppinen k\u00e4sittely on oleellinen osa matkailusektorin taloushallintoa.[\/vc_column_text][vc_separator type=&#8221;transparent&#8221; up=&#8221;50&#8243; down=&#8221;0&#8243;][\/vc_tab][vc_tab title=&#8221;Erityisosaaminen&#8221; tab_id=&#8221;1430739757500-4-3&#8243;][vc_single_image image=&#8221;15293&#8243; img_size=&#8221;full&#8221; alignment=&#8221;center&#8221; qode_css_animation=&#8221;&#8221;][vc_separator type=&#8221;transparent&#8221; up=&#8221;22&#8243; down=&#8221;0&#8243;][vc_column_text]Matkailuyrityksen kirjanpito eroaa oleellisesti tavarakaupan ja muun palvelutuotannon kirjanpidosta. Matka ei ole tavara. Matkailuyrityksen oikein ja tehokkaasti tehty kirjanpito vaatii erityisosaamista. Pit\u00e4\u00e4 tiet\u00e4\u00e4, milloin ja miten tapahtumat kannattaa vied\u00e4 kirjanpitoon myynniksi ja ostoiksi, miten k\u00e4sitell\u00e4\u00e4n ennakoita ja myyntisaamisia, miten osasuorituksia ja palautuksia, jne. Matkailuyrityksen kirjanpito on meid\u00e4n lajimme.[\/vc_column_text][\/vc_tab][\/vc_tabs][\/vc_column][\/vc_row][vc_row css_animation=&#8221;&#8221; row_type=&#8221;row&#8221; use_row_as_full_screen_section=&#8221;no&#8221; type=&#8221;grid&#8221; angled_section=&#8221;no&#8221; text_align=&#8221;left&#8221; background_image_as_pattern=&#8221;without_pattern&#8221; anchor=&#8221;yhteistyo&#8221; padding_bottom=&#8221;84&#8243; css=&#8221;.vc_custom_1545183800451{padding-top: 5% !important;}&#8221; z_index=&#8221;&#8221;][vc_column width=&#8221;1\/3&#8243;][vc_single_image image=&#8221;15453&#8243; img_size=&#8221;full&#8221; alignment=&#8221;center&#8221; onclick=&#8221;custom_link&#8221; img_link_target=&#8221;_blank&#8221; qode_css_animation=&#8221;&#8221; link=&#8221;https:\/\/comgate.fi\/ratkaisut\/winres-cloud\/&#8221;][\/vc_column][vc_column width=&#8221;2\/3&#8243; offset=&#8221;vc_col-lg-offset-0&#8243; css=&#8221;.vc_custom_1545181244005{padding-right: 10% !important;padding-left: 5% !important;}&#8221;][vc_separator type=&#8221;transparent&#8221; up=&#8221;20&#8243; down=&#8221;0&#8243;][vc_column_text]<\/p>\n<h3>Yhteisty\u00f6 Comgate Oy:n kanssa<\/h3>\n<p>[\/vc_column_text][vc_separator type=&#8221;transparent&#8221; up=&#8221;14&#8243; down=&#8221;0&#8243;][vc_column_text]<\/p>\n<h5>Interlink on tehnyt yhteisty\u00f6t\u00e4 matkatoimisto- ja matkailun varausj\u00e4rjestelmiin erikoistuneen <a style=\"color: #c39b42; text-decoration: underline;\" href=\"https:\/\/www.comgate.fi\" target=\"_blank\" rel=\"noopener\">Comgate Oy:n<\/a> kanssa viisitoista vuotta. Comgaten rakentama Winres \u2013 j\u00e4rjestelm\u00e4 on yleisimmin Suomessa k\u00e4ytett\u00e4v\u00e4 matkatoimiston, matkanj\u00e4rjest\u00e4j\u00e4n ja keskusvaraamon varaus- ja toiminnanohjausj\u00e4rjestelm\u00e4. Winresin logiikka ja raportit ovat meille siis enemm\u00e4n kuin tuttuja. Pystymme neuvomaan miten Winresi\u00e4 k\u00e4ytet\u00e4\u00e4n niin, ett\u00e4 my\u00f6s kirjanpidon n\u00e4k\u00f6kulma tulee huomioiduksi.<\/h5>\n<p>[\/vc_column_text][vc_separator type=&#8221;transparent&#8221; up=&#8221;19&#8243; down=&#8221;0&#8243;][\/vc_column][\/vc_row][vc_row row_type=&#8221;parallax&#8221; parallax_content_width=&#8221;in_grid&#8221; text_align=&#8221;center&#8221; full_screen_section_height=&#8221;no&#8221; anchor=&#8221;hinnasto&#8221; background_image=&#8221;15439&#8243; section_height=&#8221;490&#8243;][vc_column el_class=&#8221;grey_txt&#8221;][vc_separator type=&#8221;transparent&#8221; up=&#8221;110&#8243; down=&#8221;0&#8243;][vc_column_text]<\/p>\n<h3 style=\"text-align: center;\">Hinnastomme<\/h3>\n<p>[\/vc_column_text][vc_single_image image=&#8221;15424&#8243; img_size=&#8221;full&#8221; alignment=&#8221;center&#8221; qode_css_animation=&#8221;&#8221;][vc_column_text]<\/p>\n<h5 style=\"text-align: center;\">Veloituksemme ovat kiinteit\u00e4 kuukausimaksuja \u2013 ei siis mit\u00e4\u00e4n yll\u00e4tyksi\u00e4 horisontissa. My\u00f6s tilinp\u00e4\u00e4t\u00f6kset tehd\u00e4\u00e4n kiinte\u00e4ll\u00e4 hinnalla. Teemme kirjanpidon p\u00e4\u00e4s\u00e4\u00e4nt\u00f6isesti Winres-raporteilta ja tiliotteilta \u2013 tositteita emme rakasta. Tehokkaasti organisoidut rutiinimme ja toimialaosaaminen takaa sen, ett\u00e4 hintamme ovat kilpailukykyisi\u00e4. Ota yhteytt\u00e4, niin selvit\u00e4mme tilanteesi, ja teemme tarjouksen.<\/h5>\n<p>[\/vc_column_text][\/vc_column][\/vc_row][vc_row css_animation=&#8221;&#8221; row_type=&#8221;row&#8221; use_row_as_full_screen_section=&#8221;no&#8221; type=&#8221;grid&#8221; angled_section=&#8221;no&#8221; text_align=&#8221;center&#8221; background_image_as_pattern=&#8221;without_pattern&#8221; anchor=&#8221;blogi&#8221; background_color=&#8221;#eeeeee&#8221; padding_top=&#8221;76&#8243; padding_bottom=&#8221;20&#8243; z_index=&#8221;&#8221;][vc_column width=&#8221;5\/6&#8243; offset=&#8221;vc_col-lg-offset-1 vc_col-lg-10 vc_col-md-offset-1 vc_col-md-10 vc_col-sm-offset-1 vc_col-xs-12&#8243;][vc_column_text]<\/p>\n<h2 style=\"text-align: center;\">Blogi<\/h2>\n<p>[\/vc_column_text][vc_single_image image=&#8221;15424&#8243; img_size=&#8221;full&#8221; alignment=&#8221;center&#8221; qode_css_animation=&#8221;&#8221;][\/vc_column][\/vc_row][vc_row css_animation=&#8221;&#8221; row_type=&#8221;row&#8221; use_row_as_full_screen_section=&#8221;no&#8221; type=&#8221;grid&#8221; angled_section=&#8221;no&#8221; text_align=&#8221;center&#8221; background_image_as_pattern=&#8221;without_pattern&#8221; background_color=&#8221;#eeeeee&#8221; z_index=&#8221;&#8221;][vc_column]\n<div class='latest_post_holder boxes two_columns one_row' >\n    <ul>\n    \n        <li class=\"clearfix\">\n            <div class=\"boxes_image\">\n                                <a itemprop=\"url\" href=\"https:\/\/www.interlink.fi\/?p=15506\"><img loading=\"lazy\" decoding=\"async\" width=\"446\" height=\"303\" src=\"https:\/\/www.interlink.fi\/wp-content\/uploads\/2018\/12\/epatoivoinen.jpg\" class=\"attachment-latest_post_boxes size-latest_post_boxes wp-post-image\" alt=\"\" \/><\/a>\n            <\/div>\n            <div class=\"latest_post\"  >\n                <div class=\"latest_post_text\">\n                    <div class=\"latest_post_inner\">\n                        <div class=\"latest_post_text_inner\">\n                            <h4 itemprop=\"name\" class=\"latest_post_title entry_title\"><a itemprop=\"url\" href=\"https:\/\/www.interlink.fi\/?p=15506\">Eik\u00f6 kirjanpit\u00e4j\u00e4si ymm\u00e4rr\u00e4 sinua?<\/a><\/h4>\n                            <p class=\"excerpt\">Tuntuuko silt\u00e4, kuin oltaisiin koko ajan heikoilla j\u00e4ill\u00e4? Kirjanpito ei tunnu kovin luotettavalta. Kirjanpit\u00e4j\u00e4 tuntuu kyselev\u00e4n t\u00e4ysin ep\u00e4oleellisia asioita. Sin\u00e4 et saa omiin kysymyksiisi kunnon vast...<\/p>\n                            <span class=\"post_infos\">\n                                                                                                \n                                \n                                                            <\/span>\n                        <\/div>\n                    <\/div>\n                <\/div>\n            <\/div>\n        <\/li>\n    \n        <li class=\"clearfix\">\n            <div class=\"boxes_image\">\n                                <a itemprop=\"url\" href=\"https:\/\/www.interlink.fi\/?p=17\"><img loading=\"lazy\" decoding=\"async\" width=\"457\" height=\"303\" src=\"https:\/\/www.interlink.fi\/wp-content\/uploads\/2018\/12\/markku-esitelmoimassa.jpg\" class=\"attachment-latest_post_boxes size-latest_post_boxes wp-post-image\" alt=\"\" \/><\/a>\n            <\/div>\n            <div class=\"latest_post\"  >\n                <div class=\"latest_post_text\">\n                    <div class=\"latest_post_inner\">\n                        <div class=\"latest_post_text_inner\">\n                            <h4 itemprop=\"name\" class=\"latest_post_title entry_title\"><a itemprop=\"url\" href=\"https:\/\/www.interlink.fi\/?p=17\">\u00c4l\u00e4 sotke prosessia<\/a><\/h4>\n                            <p class=\"excerpt\">\u201dOriolan SAP-uudistus maksoi maltaita ja lykk\u00e4\u00e4ntyi jo kerran\u201d, \u201dL\u00e4\u00e4ketukkuri sel\u00e4tt\u00e4\u00e4 erp-ongelmaa nyt k\u00e4sipelill\u00e4\u201d, \u201dOriolan SAP-ongelmista 5Meur:n negatiivinen vaikutus Q3:lla\u201d. \u201dOriolan vaikeudet ja...<\/p>\n                            <span class=\"post_infos\">\n                                                                                                \n                                \n                                                            <\/span>\n                        <\/div>\n                    <\/div>\n                <\/div>\n            <\/div>\n        <\/li>\n        <\/ul>\n<\/div>[\/vc_column][\/vc_row][vc_row css_animation=&#8221;&#8221; row_type=&#8221;row&#8221; use_row_as_full_screen_section=&#8221;no&#8221; type=&#8221;grid&#8221; angled_section=&#8221;no&#8221; text_align=&#8221;center&#8221; background_image_as_pattern=&#8221;without_pattern&#8221; anchor=&#8221;ota-yhteytta&#8221; background_color=&#8221;#eeeeee&#8221; padding_top=&#8221;76&#8243; padding_bottom=&#8221;65&#8243; z_index=&#8221;&#8221;][vc_column width=&#8221;5\/6&#8243; offset=&#8221;vc_col-lg-offset-1 vc_col-lg-10 vc_col-md-offset-1 vc_col-md-10 vc_col-sm-offset-1 vc_col-xs-12&#8243;][vc_column_text]<\/p>\n<h2 style=\"text-align: center;\">Ota meihin yhteytt\u00e4<\/h2>\n<p>[\/vc_column_text][vc_single_image image=&#8221;15424&#8243; img_size=&#8221;full&#8221; alignment=&#8221;center&#8221; qode_css_animation=&#8221;&#8221;][vc_column_text]<\/p>\n<h5 style=\"text-align: center;\">Tavoitat meid\u00e4t Savonlinnasta ja Vantaalta. Voit my\u00f6s t\u00e4ytt\u00e4\u00e4 alla olevan lomakkeen, jolloin olemme sinuun yhteydess\u00e4 mahdollisimman pian.<\/h5>\n<p>[\/vc_column_text][\/vc_column][\/vc_row][vc_row css_animation=&#8221;&#8221; row_type=&#8221;row&#8221; use_row_as_full_screen_section=&#8221;no&#8221; type=&#8221;grid&#8221; angled_section=&#8221;no&#8221; text_align=&#8221;center&#8221; background_image_as_pattern=&#8221;without_pattern&#8221; background_image=&#8221;15459&#8243; padding_bottom=&#8221;70&#8243; z_index=&#8221;&#8221;][vc_column][vc_row_inner row_type=&#8221;row&#8221; type=&#8221;full_width&#8221; text_align=&#8221;left&#8221; css_animation=&#8221;&#8221;][vc_column_inner width=&#8221;1\/2&#8243;][vc_separator type=&#8221;transparent&#8221; up=&#8221;10&#8243; down=&#8221;0&#8243;][vc_column_text]<\/p>\n<h4>Interlink Oy, Savonlinna<\/h4>\n<p>[\/vc_column_text][vc_separator type=&#8221;transparent&#8221; up=&#8221;10&#8243; down=&#8221;0&#8243;][vc_column_text]<strong><img loading=\"lazy\" decoding=\"async\" class=\"wp-image-15582 alignleft\" src=\"http:\/\/www.interlink.fi\/wp-content\/uploads\/2019\/01\/tapani-prusila.png\" alt=\"Tapani Prusila, Interlink Savonlinna\" width=\"117\" height=\"117\" \/>Tapani Prusila<\/strong><br \/>\n<a href=\"tel:+358405213216\">040 5213216<\/a><br \/>\n<a class=\"spamspan\" href=\"mailto:tapani.prusila@interlink.fi\">tapani.prusila@interlink.fi<\/a>[\/vc_column_text][vc_separator type=&#8221;transparent&#8221; up=&#8221;40&#8243; down=&#8221;0&#8243;][vc_column_text]Enonkoskentie 750<br \/>\n57310 Savonlinna[\/vc_column_text][vc_separator type=&#8221;transparent&#8221; up=&#8221;10&#8243; down=&#8221;0&#8243;][vc_column_text]<a href=\"https:\/\/goo.gl\/maps\/cwV4vQmrbJp\" target=\"_blank\" rel=\"noopener\">Sijainti kartalla<\/a>[\/vc_column_text][vc_separator type=&#8221;transparent&#8221; up=&#8221;40&#8243; down=&#8221;0&#8243;][vc_column_text]<\/p>\n<h4>Interlink Oy, Vantaa<\/h4>\n<p>[\/vc_column_text][vc_separator type=&#8221;transparent&#8221; up=&#8221;10&#8243; down=&#8221;0&#8243;][vc_column_text]Robert Huberin tie 2<br \/>\n01510 Vantaa[\/vc_column_text][vc_separator type=&#8221;transparent&#8221; up=&#8221;10&#8243; down=&#8221;0&#8243;][vc_column_text]<a href=\"https:\/\/goo.gl\/maps\/CizdM3UyvpQ2\" target=\"_blank\" rel=\"noopener\">Sijainti kartalla<\/a>[\/vc_column_text][vc_separator type=&#8221;transparent&#8221; up=&#8221;40&#8243; down=&#8221;0&#8243;][vc_column_text]<strong>Y-tunnus: 1049084-0<\/strong>[\/vc_column_text][vc_separator type=&#8221;transparent&#8221; up=&#8221;79&#8243; down=&#8221;0&#8243;][\/vc_column_inner][vc_column_inner width=&#8221;1\/2&#8243;]\n<div class=\"wpcf7 no-js\" id=\"wpcf7-f15349-o1\" lang=\"en-US\" dir=\"ltr\" data-wpcf7-id=\"15349\">\n<div class=\"screen-reader-response\"><p role=\"status\" aria-live=\"polite\" aria-atomic=\"true\"><\/p> <ul><\/ul><\/div>\n<form action=\"\/index.php?rest_route=%2Fwp%2Fv2%2Fpages%2F14869#wpcf7-f15349-o1\" method=\"post\" class=\"wpcf7-form init default\" aria-label=\"Contact form\" novalidate=\"novalidate\" data-status=\"init\">\n<fieldset class=\"hidden-fields-container\"><input type=\"hidden\" name=\"_wpcf7\" value=\"15349\" \/><input type=\"hidden\" name=\"_wpcf7_version\" value=\"6.1.5\" \/><input type=\"hidden\" name=\"_wpcf7_locale\" value=\"en_US\" \/><input type=\"hidden\" name=\"_wpcf7_unit_tag\" value=\"wpcf7-f15349-o1\" \/><input type=\"hidden\" name=\"_wpcf7_container_post\" value=\"0\" \/><input type=\"hidden\" name=\"_wpcf7_posted_data_hash\" value=\"\" \/><input type=\"hidden\" name=\"_wpcf7_recaptcha_response\" value=\"\" \/>\n<\/fieldset>\n<p><label> Nimi (*)<br \/>\n<span class=\"wpcf7-form-control-wrap\" data-name=\"your-name\"><input size=\"40\" maxlength=\"400\" class=\"wpcf7-form-control wpcf7-text wpcf7-validates-as-required\" aria-required=\"true\" aria-invalid=\"false\" value=\"\" type=\"text\" name=\"your-name\" \/><\/span> <\/label>\n<\/p>\n<p><label> S\u00e4hk\u00f6posti (*)<br \/>\n<span class=\"wpcf7-form-control-wrap\" data-name=\"your-email\"><input size=\"40\" maxlength=\"400\" class=\"wpcf7-form-control wpcf7-email wpcf7-validates-as-required wpcf7-text wpcf7-validates-as-email\" aria-required=\"true\" aria-invalid=\"false\" value=\"\" type=\"email\" name=\"your-email\" \/><\/span> <\/label>\n<\/p>\n<p><label> Puhelin (*)<br \/>\n<span class=\"wpcf7-form-control-wrap\" data-name=\"your-phone\"><input size=\"40\" maxlength=\"400\" class=\"wpcf7-form-control wpcf7-text wpcf7-validates-as-required\" aria-required=\"true\" aria-invalid=\"false\" value=\"\" type=\"text\" name=\"your-phone\" \/><\/span> <\/label>\n<\/p>\n<p><label> Aihe<br \/>\n<span class=\"wpcf7-form-control-wrap\" data-name=\"your-subject\"><input size=\"40\" maxlength=\"400\" class=\"wpcf7-form-control wpcf7-text\" aria-invalid=\"false\" value=\"\" type=\"text\" name=\"your-subject\" \/><\/span> <\/label>\n<\/p>\n<p><label> Viesti<br \/>\n<span class=\"wpcf7-form-control-wrap\" data-name=\"your-message\"><textarea cols=\"40\" rows=\"10\" maxlength=\"2000\" class=\"wpcf7-form-control wpcf7-textarea\" aria-invalid=\"false\" name=\"your-message\"><\/textarea><\/span> <\/label>\n<\/p>\n<p><input class=\"wpcf7-form-control wpcf7-submit has-spinner\" type=\"submit\" value=\"L\u00e4het\u00e4\" \/>\n<\/p><p style=\"display: none !important;\" class=\"akismet-fields-container\" data-prefix=\"_wpcf7_ak_\"><label>&#916;<textarea name=\"_wpcf7_ak_hp_textarea\" cols=\"45\" rows=\"8\" maxlength=\"100\"><\/textarea><\/label><input type=\"hidden\" id=\"ak_js_1\" name=\"_wpcf7_ak_js\" value=\"180\"\/><script>document.getElementById( \"ak_js_1\" ).setAttribute( \"value\", ( new Date() ).getTime() );<\/script><\/p><div class=\"wpcf7-response-output\" aria-hidden=\"true\"><\/div>\n<\/form>\n<\/div>\n[vc_separator type=&#8221;transparent&#8221; up=&#8221;193&#8243; down=&#8221;0&#8243;][\/vc_column_inner][\/vc_row_inner][vc_separator type=&#8221;transparent&#8221; up=&#8221;40&#8243; down=&#8221;0&#8243;][vc_column_text]<\/p>\n<p style=\"text-align: center;\">\u00a9 Copyright 1996-2021, Interlink Oy<\/p>\n<p>[\/vc_column_text][\/vc_column][\/vc_row]<\/p>\n<\/section>","protected":false},"excerpt":{"rendered":"<p>[vc_row css_animation=&#8221;&#8221; row_type=&#8221;row&#8221; use_row_as_full_screen_section=&#8221;no&#8221; type=&#8221;grid&#8221; angled_section=&#8221;no&#8221; text_align=&#8221;center&#8221; background_image_as_pattern=&#8221;without_pattern&#8221; anchor=&#8221;yritys&#8221; padding_top=&#8221;76&#8243; padding_bottom=&#8221;10&#8243; z_index=&#8221;&#8221;][vc_column width=&#8221;5\/6&#8243; offset=&#8221;vc_col-lg-offset-1 vc_col-lg-10 vc_col-md-offset-1 vc_col-md-10 vc_col-sm-offset-1 vc_col-xs-12&#8243;][vc_column_text] Interlink Oy [\/vc_column_text][vc_single_image image=&#8221;15424&#8243; img_size=&#8221;full&#8221; alignment=&#8221;center&#8221; qode_css_animation=&#8221;&#8221;][vc_column_text] Interlink on Savonlinnassa ja Vantaalla toimiva tilitoimisto. Erikoisalaamme ovat matkatoimistot, matkanj\u00e4rjest\u00e4j\u00e4t ja muut matkailuyritykset. Keskittym\u00e4ll\u00e4 yhteen sektoriin pyrimme osaamaan&#8230;<\/p>\n","protected":false},"author":1,"featured_media":0,"parent":0,"menu_order":0,"comment_status":"open","ping_status":"open","template":"full_width.php","meta":{"footnotes":""},"class_list":["post-14869","page","type-page","status-publish","hentry"],"_links":{"self":[{"href":"https:\/\/www.interlink.fi\/index.php?rest_route=\/wp\/v2\/pages\/14869","targetHints":{"allow":["GET"]}}],"collection":[{"href":"https:\/\/www.interlink.fi\/index.php?rest_route=\/wp\/v2\/pages"}],"about":[{"href":"https:\/\/www.interlink.fi\/index.php?rest_route=\/wp\/v2\/types\/page"}],"author":[{"embeddable":true,"href":"https:\/\/www.interlink.fi\/index.php?rest_route=\/wp\/v2\/users\/1"}],"replies":[{"embeddable":true,"href":"https:\/\/www.interlink.fi\/index.php?rest_route=%2Fwp%2Fv2%2Fcomments&post=14869"}],"version-history":[{"count":45,"href":"https:\/\/www.interlink.fi\/index.php?rest_route=\/wp\/v2\/pages\/14869\/revisions"}],"predecessor-version":[{"id":18418,"href":"https:\/\/www.interlink.fi\/index.php?rest_route=\/wp\/v2\/pages\/14869\/revisions\/18418"}],"wp:attachment":[{"href":"https:\/\/www.interlink.fi\/index.php?rest_route=%2Fwp%2Fv2%2Fmedia&parent=14869"}],"curies":[{"name":"wp","href":"https:\/\/api.w.org\/{rel}","templated":true}]}}